{"id":57,"date":"2026-03-17T12:03:39","date_gmt":"2026-03-17T11:03:39","guid":{"rendered":"https:\/\/test.hasebeach-os.de\/?page_id=57"},"modified":"2026-04-07T09:19:35","modified_gmt":"2026-04-07T07:19:35","slug":"impressum","status":"publish","type":"page","link":"https:\/\/test.hasebeach-os.de\/?page_id=57","title":{"rendered":"Impressum"},"content":{"rendered":"\t\t<div data-elementor-type=\"wp-page\" data-elementor-id=\"57\" class=\"elementor elementor-57\" data-elementor-post-type=\"page\">\n\t\t\t\t<div class=\"elementor-element elementor-element-81b2603 e-flex e-con-boxed e-con e-parent\" data-id=\"81b2603\" data-element_type=\"container\" data-e-type=\"container\">\n\t\t\t\t\t<div class=\"e-con-inner\">\n\t\t\t\t<div class=\"elementor-element elementor-element-446f96a elementor-widget elementor-widget-heading\" data-id=\"446f96a\" data-element_type=\"widget\" data-e-type=\"widget\" data-widget_type=\"heading.default\">\n\t\t\t\t\t<h1 class=\"elementor-heading-title elementor-size-default\">Impressum<\/h1>\t\t\t\t<\/div>\n\t\t\t\t<div class=\"elementor-element elementor-element-f5cd735 elementor-widget elementor-widget-text-editor\" data-id=\"f5cd735\" data-element_type=\"widget\" data-e-type=\"widget\" data-widget_type=\"text-editor.default\">\n\t\t\t\t\t\t\t\t\t<p>Cocktail Paradise<\/p><p>Inh. Daniel Rynio<br \/>Str\u00fcgelheide 2<br \/>49143 Bissendorf<br \/>info@hasebeach-os.de \u00a0<\/p>\t\t\t\t\t\t\t\t<\/div>\n\t\t\t\t<div class=\"elementor-element elementor-element-2c8a24a elementor-widget-divider--view-line elementor-widget elementor-widget-divider\" data-id=\"2c8a24a\" data-element_type=\"widget\" data-e-type=\"widget\" data-widget_type=\"divider.default\">\n\t\t\t\t\t\t\t<div class=\"elementor-divider\">\n\t\t\t<span class=\"elementor-divider-separator\">\n\t\t\t\t\t\t<\/span>\n\t\t<\/div>\n\t\t\t\t\t\t<\/div>\n\t\t\t\t<div class=\"elementor-element elementor-element-40aa2f0 elementor-widget__width-initial elementor-widget elementor-widget-text-editor\" data-id=\"40aa2f0\" data-element_type=\"widget\" data-e-type=\"widget\" data-widget_type=\"text-editor.default\">\n\t\t\t\t\t\t\t\t\t<p><strong>Storniernungsbedingungen f\u00fcr Betriebsfeiern\/Privatfeiern am Hasebeach:<\/strong><\/p><p id=\"isPasted\">Diese Bedingungen gelten f\u00fcr alle verbindlich gebuchten Betriebsfeiern und privaten Veranstaltungen in der Strandbar\u00a0Hasebeach.<\/p><p><strong>1. Stornierung durch den Kunden<\/strong><\/p><p>Eine Stornierung muss stets schriftlich per E-Mail an info@hasebeach-os.de erfolgen und gilt erst nach schriftlicher Best\u00e4tigung durch uns als angenommen.<\/p><p>Die folgenden Stornogeb\u00fchren werden berechnet:<\/p><ul><li>bis 30 Tage vor dem Veranstaltungstermin: kostenfrei<\/li><li>25 bis 15 Tage vor dem Veranstaltungstermin: 25 % des vereinbarten Mindestumsatzes bzw. Angebotspreises<\/li><li>14 bis 7 Tage vor dem Veranstaltungstermin:\u00a050 %<\/li><li>6 bis 2 Tage vor dem Veranstaltungstermin: 60 %<\/li><li>ab 1 Tag vor Veranstaltungsbeginn 85%<\/li><li>bei Nichterscheinen: 100 %<\/li><\/ul><p><strong>2. Reduzierung der G\u00e4steanzahl<\/strong><\/p><p>Eine Reduzierung der G\u00e4steanzahl muss sp\u00e4testens 7 Tage vor der Veranstaltung schriftlich mitgeteilt werden. Erfolgt die Mitteilung sp\u00e4ter, behalten wir uns vor, den urspr\u00fcnglich vereinbarten Preis pro Person oder Mindestumsatz in Rechnung zu stellen.<\/p><p><strong>3. Wetterbedingte Stornierungen<\/strong><\/p><p>Hasebeach ist eine Open-Air-Location. Leichte Wetterbedingungen (z.\u202fB. Wind, bew\u00f6lkt, leichter Regen) berechtigen nicht zur kostenfreien Stornierung. F\u00fcr extreme Wetterlagen (z.\u202fB. Unwetterwarnung, Starkregen) bieten wir nach Absprache Alternativen (z.\u202fB. Verlegung, Umbuchung oder Storno) an.<\/p><p><strong>4. Stornierung durch den Veranstalter (Hasebeach)<\/strong><\/p><p>Sollte eine Veranstaltung aus Gr\u00fcnden, die wir zu vertreten haben (z.\u202fB. technische Defekte, Personalnotstand, h\u00f6here Gewalt), nicht stattfinden k\u00f6nnen, erstatten wir bereits geleistete Zahlungen vollst\u00e4ndig zur\u00fcck. Weitergehende Anspr\u00fcche sind ausgeschlossen.<\/p>\t\t\t\t\t\t\t\t<\/div>\n\t\t\t\t\t<\/div>\n\t\t\t\t<\/div>\n\t\t\t\t<\/div>\n\t\t","protected":false},"excerpt":{"rendered":"<p>Impressum Cocktail Paradise Inh. Daniel RynioStr\u00fcgelheide 249143 Bissendorfinfo@hasebeach-os.de \u00a0 Storniernungsbedingungen f\u00fcr Betriebsfeiern\/Privatfeiern am Hasebeach: Diese Bedingungen gelten f\u00fcr alle verbindlich [&hellip;]<\/p>\n","protected":false},"author":1,"featured_media":0,"parent":0,"menu_order":0,"comment_status":"closed","ping_status":"closed","template":"","meta":{"site-sidebar-layout":"no-sidebar","site-content-layout":"","ast-site-content-layout":"full-width-container","site-content-style":"default","site-sidebar-style":"default","ast-global-header-display":"","ast-banner-title-visibility":"","ast-main-header-display":"","ast-hfb-above-header-display":"","ast-hfb-below-header-display":"","ast-hfb-mobile-header-display":"","site-post-title":"disabled","ast-breadcrumbs-content":"","ast-featured-img":"disabled","footer-sml-layout":"","ast-disable-related-posts":"","theme-transparent-header-meta":"","adv-header-id-meta":"","stick-header-meta":"","header-above-stick-meta":"","header-main-stick-meta":"","header-below-stick-meta":"","astra-migrate-meta-layouts":"default","ast-page-background-enabled":"default","ast-page-background-meta":{"desktop":{"background-color":"var(--ast-global-color-5)","background-image":"","background-repeat":"repeat","background-position":"center center","background-size":"auto","background-attachment":"scroll","background-type":"","background-media":"","overlay-type":"","overlay-color":"","overlay-opacity":"","overlay-gradient":""},"tablet":{"background-color":"","background-image":"","background-repeat":"repeat","background-position":"center center","background-size":"auto","background-attachment":"scroll","background-type":"","background-media":"","overlay-type":"","overlay-color":"","overlay-opacity":"","overlay-gradient":""},"mobile":{"background-color":"","background-image":"","background-repeat":"repeat","background-position":"center center","background-size":"auto","background-attachment":"scroll","background-type":"","background-media":"","overlay-type":"","overlay-color":"","overlay-opacity":"","overlay-gradient":""}},"ast-content-background-meta":{"desktop":{"background-color":"var(--ast-global-color-4)","background-image":"","background-repeat":"repeat","background-position":"center center","background-size":"auto","background-attachment":"scroll","background-type":"","background-media":"","overlay-type":"","overlay-color":"","overlay-opacity":"","overlay-gradient":""},"tablet":{"background-color":"var(--ast-global-color-4)","background-image":"","background-repeat":"repeat","background-position":"center center","background-size":"auto","background-attachment":"scroll","background-type":"","background-media":"","overlay-type":"","overlay-color":"","overlay-opacity":"","overlay-gradient":""},"mobile":{"background-color":"var(--ast-global-color-4)","background-image":"","background-repeat":"repeat","background-position":"center center","background-size":"auto","background-attachment":"scroll","background-type":"","background-media":"","overlay-type":"","overlay-color":"","overlay-opacity":"","overlay-gradient":""}},"footnotes":""},"class_list":["post-57","page","type-page","status-publish","hentry"],"_links":{"self":[{"href":"https:\/\/test.hasebeach-os.de\/index.php?rest_route=\/wp\/v2\/pages\/57","targetHints":{"allow":["GET"]}}],"collection":[{"href":"https:\/\/test.hasebeach-os.de\/index.php?rest_route=\/wp\/v2\/pages"}],"about":[{"href":"https:\/\/test.hasebeach-os.de\/index.php?rest_route=\/wp\/v2\/types\/page"}],"author":[{"embeddable":true,"href":"https:\/\/test.hasebeach-os.de\/index.php?rest_route=\/wp\/v2\/users\/1"}],"replies":[{"embeddable":true,"href":"https:\/\/test.hasebeach-os.de\/index.php?rest_route=%2Fwp%2Fv2%2Fcomments&post=57"}],"version-history":[{"count":10,"href":"https:\/\/test.hasebeach-os.de\/index.php?rest_route=\/wp\/v2\/pages\/57\/revisions"}],"predecessor-version":[{"id":324,"href":"https:\/\/test.hasebeach-os.de\/index.php?rest_route=\/wp\/v2\/pages\/57\/revisions\/324"}],"wp:attachment":[{"href":"https:\/\/test.hasebeach-os.de\/index.php?rest_route=%2Fwp%2Fv2%2Fmedia&parent=57"}],"curies":[{"name":"wp","href":"https:\/\/api.w.org\/{rel}","templated":true}]}}